{"id":952,"date":"2026-03-07T18:08:26","date_gmt":"2026-03-07T10:08:26","guid":{"rendered":"https:\/\/treocharge.com\/?page_id=952"},"modified":"2026-04-08T15:31:41","modified_gmt":"2026-04-08T07:31:41","slug":"utility-scale-battery-energy-storage-solution","status":"publish","type":"page","link":"https:\/\/treocharge.com\/tr\/utility-scale-battery-energy-storage-solution\/","title":{"rendered":"B\u00fcy\u00fck \u00d6l\u00e7ekli Batarya Enerji Depolama \u00c7\u00f6z\u00fcm\u00fc"},"content":{"rendered":"","protected":false},"excerpt":{"rendered":"","protected":false},"author":1,"featured_media":0,"parent":0,"menu_order":17,"comment_status":"closed","ping_status":"closed","template":"solution.php","meta":{"_acf_changed":false,"footnotes":""},"class_list":["post-952","page","type-page","status-publish","hentry"],"acf":[],"_links":{"self":[{"href":"https:\/\/treocharge.com\/tr\/wp-json\/wp\/v2\/pages\/952","targetHints":{"allow":["GET"]}}],"collection":[{"href":"https:\/\/treocharge.com\/tr\/wp-json\/wp\/v2\/pages"}],"about":[{"href":"https:\/\/treocharge.com\/tr\/wp-json\/wp\/v2\/types\/page"}],"author":[{"embeddable":true,"href":"https:\/\/treocharge.com\/tr\/wp-json\/wp\/v2\/users\/1"}],"replies":[{"embeddable":true,"href":"https:\/\/treocharge.com\/tr\/wp-json\/wp\/v2\/comments?post=952"}],"version-history":[{"count":14,"href":"https:\/\/treocharge.com\/tr\/wp-json\/wp\/v2\/pages\/952\/revisions"}],"predecessor-version":[{"id":1235,"href":"https:\/\/treocharge.com\/tr\/wp-json\/wp\/v2\/pages\/952\/revisions\/1235"}],"wp:attachment":[{"href":"https:\/\/treocharge.com\/tr\/wp-json\/wp\/v2\/media?parent=952"}],"curies":[{"name":"wp","href":"https:\/\/api.w.org\/{rel}","templated":true}]}}